{"id":278,"date":"2016-11-02T12:00:23","date_gmt":"2016-11-02T12:00:23","guid":{"rendered":"https:\/\/kuroneko.lat\/?page_id=278"},"modified":"2019-07-19T11:18:41","modified_gmt":"2019-07-19T11:18:41","slug":"programs","status":"publish","type":"page","link":"https:\/\/kuroneko.lat\/index.php\/programs\/","title":{"rendered":"Programs"},"content":{"rendered":"<div class=\"wpb-content-wrapper\"><p>[vc_row css=&#8221;.vc_custom_1479126491885{padding-bottom: 4.8em !important;}&#8221;][vc_column]<div  id=\"sc_services_672530177\" class=\"sc_services sc_services_imaged\" data-slides-per-view=\"3\" data-slides-min-width=\"200\"\t\t>\n\t\t<h6 class=\"sc_item_subtitle sc_services_subtitle sc_align_center sc_item_title_style_default\">Choose the Class<\/h6><h3 class=\"sc_item_title sc_services_title sc_align_center sc_item_title_style_default\">Training Programs<\/h3><div class=\"sc_services_columns sc_item_columns trx_addons_columns_wrap columns_padding_bottom\"><div class=\"trx_addons_column-1_3\"><div class=\"sc_services_item with_image sc_services_item_featured_top\">\n<div class=\"post_featured with_thumb hover_dots sc_services_item_thumb\"><img loading=\"lazy\" decoding=\"async\" width=\"370\" height=\"235\" src=\"https:\/\/kuroneko.lat\/wp-content\/uploads\/2025\/04\/MS_Every-370x235.png\" class=\"attachment-samurai_school-thumb-med size-samurai_school-thumb-med wp-post-image\" alt=\"Muscle Suit Every\" srcset=\"https:\/\/kuroneko.lat\/wp-content\/uploads\/2025\/04\/MS_Every-370x235.png 370w, https:\/\/kuroneko.lat\/wp-content\/uploads\/2025\/04\/MS_Every-300x191.png 300w, https:\/\/kuroneko.lat\/wp-content\/uploads\/2025\/04\/MS_Every-768x488.png 768w, https:\/\/kuroneko.lat\/wp-content\/uploads\/2025\/04\/MS_Every-770x489.png 770w, https:\/\/kuroneko.lat\/wp-content\/uploads\/2025\/04\/MS_Every-600x381.png 600w, https:\/\/kuroneko.lat\/wp-content\/uploads\/2025\/04\/MS_Every.png 1000w\" sizes=\"auto, (max-width: 370px) 100vw, 370px\" \/><div class=\"mask\"><\/div><a href=\"https:\/\/kuroneko.lat\/index.php\/services\/home\/\" aria-hidden=\"true\" class=\"icons\"><span><\/span><span><\/span><span><\/span><\/a><\/div>\t<div class=\"sc_services_item_info\">\n\t\t<div class=\"sc_services_item_header\">\n\t\t\t<h4 class=\"sc_services_item_title\"><a href=\"https:\/\/kuroneko.lat\/index.php\/services\/home\/\">Muscle Suit Every<\/a><\/h4>\n\t\t<\/div>\n\t\t\t\t\t<div class=\"sc_services_item_content\"><p>Utiliza un m\u00fasculo artificial. como fuerza motriz, tipo McKibben. El tubo de goma est\u00e1 revestido con una malla fabricada de monofilamento de poli\u00e9ster y ambos extremos est\u00e1n asegurados con metal.<\/p>\n<\/div>\t\t\t\t\t<div class=\"sc_services_item_button sc_item_button\"><a href=\"https:\/\/kuroneko.lat\/index.php\/services\/home\/\" class=\"sc_button sc_button_default sc_button_size_normal\">Learn more<\/a><\/div>\n\n\t<\/div>\n<\/div>\n<\/div><div class=\"trx_addons_column-1_3\"><div class=\"sc_services_item with_image sc_services_item_featured_top\">\n<div class=\"post_featured with_thumb hover_dots sc_services_item_thumb\"><img loading=\"lazy\" decoding=\"async\" width=\"370\" height=\"235\" src=\"https:\/\/kuroneko.lat\/wp-content\/uploads\/2025\/04\/MS_soft-370x235.png\" class=\"attachment-samurai_school-thumb-med size-samurai_school-thumb-med wp-post-image\" alt=\"Muscle Suit Soft\" srcset=\"https:\/\/kuroneko.lat\/wp-content\/uploads\/2025\/04\/MS_soft-370x235.png 370w, https:\/\/kuroneko.lat\/wp-content\/uploads\/2025\/04\/MS_soft-300x191.png 300w, https:\/\/kuroneko.lat\/wp-content\/uploads\/2025\/04\/MS_soft-768x488.png 768w, https:\/\/kuroneko.lat\/wp-content\/uploads\/2025\/04\/MS_soft-770x489.png 770w, https:\/\/kuroneko.lat\/wp-content\/uploads\/2025\/04\/MS_soft-600x381.png 600w, https:\/\/kuroneko.lat\/wp-content\/uploads\/2025\/04\/MS_soft.png 1000w\" sizes=\"auto, (max-width: 370px) 100vw, 370px\" \/><div class=\"mask\"><\/div><a href=\"https:\/\/kuroneko.lat\/index.php\/services\/self-defence-programs\/\" aria-hidden=\"true\" class=\"icons\"><span><\/span><span><\/span><span><\/span><\/a><\/div>\t<div class=\"sc_services_item_info\">\n\t\t<div class=\"sc_services_item_header\">\n\t\t\t<h4 class=\"sc_services_item_title\"><a href=\"https:\/\/kuroneko.lat\/index.php\/services\/self-defence-programs\/\">Muscle Suit Soft<\/a><\/h4>\n\t\t<\/div>\n\t\t\t\t\t<div class=\"sc_services_item_content\"><p>Se utiliza para trabajos relacionados con la fabricaci\u00f3n, distribuci\u00f3n, construcci\u00f3n y otros trabajos que requieren levantar y transportar objetos pesados.<\/p>\n<\/div>\t\t\t\t\t<div class=\"sc_services_item_button sc_item_button\"><a href=\"https:\/\/kuroneko.lat\/index.php\/services\/self-defence-programs\/\" class=\"sc_button sc_button_default sc_button_size_normal\">Learn more<\/a><\/div>\n\n\t<\/div>\n<\/div>\n<\/div><div class=\"trx_addons_column-1_3\"><div class=\"sc_services_item with_image sc_services_item_featured_top\">\n<div class=\"post_featured with_thumb hover_dots sc_services_item_thumb\"><img loading=\"lazy\" decoding=\"async\" width=\"370\" height=\"235\" src=\"https:\/\/kuroneko.lat\/wp-content\/uploads\/2025\/04\/MS_softlight-370x235.png\" class=\"attachment-samurai_school-thumb-med size-samurai_school-thumb-med wp-post-image\" alt=\"Muscle Suit Soft Light\" srcset=\"https:\/\/kuroneko.lat\/wp-content\/uploads\/2025\/04\/MS_softlight-370x235.png 370w, https:\/\/kuroneko.lat\/wp-content\/uploads\/2025\/04\/MS_softlight-300x191.png 300w, https:\/\/kuroneko.lat\/wp-content\/uploads\/2025\/04\/MS_softlight-768x488.png 768w, https:\/\/kuroneko.lat\/wp-content\/uploads\/2025\/04\/MS_softlight-770x489.png 770w, https:\/\/kuroneko.lat\/wp-content\/uploads\/2025\/04\/MS_softlight-600x381.png 600w, https:\/\/kuroneko.lat\/wp-content\/uploads\/2025\/04\/MS_softlight.png 1000w\" sizes=\"auto, (max-width: 370px) 100vw, 370px\" \/><div class=\"mask\"><\/div><a href=\"https:\/\/kuroneko.lat\/index.php\/services\/traditional-martial-arts\/\" aria-hidden=\"true\" class=\"icons\"><span><\/span><span><\/span><span><\/span><\/a><\/div>\t<div class=\"sc_services_item_info\">\n\t\t<div class=\"sc_services_item_header\">\n\t\t\t<h4 class=\"sc_services_item_title\"><a href=\"https:\/\/kuroneko.lat\/index.php\/services\/traditional-martial-arts\/\">Muscle Suit Soft Light<\/a><\/h4>\n\t\t<\/div>\n\t\t\t\t\t<div class=\"sc_services_item_content\"><p>Las almohadillas est\u00e1n firmemente adheridas al muslo para brindar una fuerte sujeci\u00f3n. Es adecuado para trabajos que requieren mantener una posici\u00f3n de flexi\u00f3n en un mismo lugar.<\/p>\n<\/div>\t\t\t\t\t<div class=\"sc_services_item_button sc_item_button\"><a href=\"https:\/\/kuroneko.lat\/index.php\/services\/traditional-martial-arts\/\" class=\"sc_button sc_button_default sc_button_size_normal\">Learn more<\/a><\/div>\n\n\t<\/div>\n<\/div>\n<\/div><\/div><\/div><!-- \/.sc_services -->[\/vc_column][\/vc_row][vc_row full_width=&#8221;stretch_row&#8221; scheme=&#8221;dark&#8221; css=&#8221;.vc_custom_1479120681586{padding-top: 6.3em !important;padding-bottom: 6.5em !important;background-image: url(https:\/\/kuroneko.lat\/wp-content\/uploads\/2016\/11\/testimonials_bg-1.jpg?id=500) !important;background-position: center !important;background-repeat: no-repeat !important;background-size: cover !important;}&#8221;][vc_column][vc_column_text css=&#8221;.vc_custom_1479118714421{margin-bottom: 3.6em !important;}&#8221;]<\/p>\n<h6 style=\"text-align: center;\"><span style=\"color: #ffffff;\">People About Us<\/span><\/h6>\n<p>[\/vc_column_text]<div  id=\"sc_testimonials_630008836\" class=\"sc_testimonials sc_testimonials_default\" data-slides-min-width=\"150\"\t\t>\n\t\t<div class=\"sc_testimonials_content sc_item_content\"><div class=\"sc_testimonials_item\">\n\t<div class=\"sc_testimonials_item_content\"><p>Cuando uso el Muscle Suit, siento como si alguien estuviera sujet\u00e1ndome, empuj\u00e1ndome los gl\u00fateos y siento que reduce el riesgo de lastimarme la espalda.<\/p>\n<\/div>\n\t<div class=\"sc_testimonials_item_author\">\n\t\t\t\t\t<div class=\"sc_testimonials_item_author_avatar\"><img loading=\"lazy\" decoding=\"async\" width=\"90\" height=\"90\" src=\"https:\/\/kuroneko.lat\/wp-content\/uploads\/2016\/11\/testimonial-90x90.png\" class=\"attachment-samurai_school-thumb-tiny size-samurai_school-thumb-tiny wp-post-image\" alt=\"Granja de Patatas &#8211; Uso de equipo Soft light\" srcset=\"https:\/\/kuroneko.lat\/wp-content\/uploads\/2016\/11\/testimonial-90x90.png 90w, https:\/\/kuroneko.lat\/wp-content\/uploads\/2016\/11\/testimonial-150x150.png 150w, https:\/\/kuroneko.lat\/wp-content\/uploads\/2016\/11\/testimonial-100x100.png 100w, https:\/\/kuroneko.lat\/wp-content\/uploads\/2016\/11\/testimonial-370x370.png 370w\" sizes=\"auto, (max-width: 90px) 100vw, 90px\" \/><\/div>\n\t\t\t\t<div class=\"sc_testimonials_item_author_data\">\n\t\t\t<h4 class=\"sc_testimonials_item_author_title\">Granja de Patatas &#8211; Uso de equipo Soft light<\/h4>\n\t\t\t<div class=\"sc_testimonials_item_author_subtitle\"><\/div>\n\t\t<\/div>\n\t<\/div>\n<\/div>\n<\/div><\/div><!-- \/.sc_testimonials -->[\/vc_column][\/vc_row][vc_row css=&#8221;.vc_custom_1479126766829{padding-top: 7.15em !important;}&#8221;][vc_column]<div  id=\"sc_team_919038224\" class=\"sc_team sc_team_default\" data-slides-per-view=\"2\" data-slides-min-width=\"150\"\t\t>\n\t\t<h6 class=\"sc_item_subtitle sc_team_subtitle sc_align_center sc_item_title_style_default\">Staff<\/h6><h3 class=\"sc_item_title sc_team_title sc_align_center sc_item_title_style_default\">Our Instructors<\/h3><div class=\"sc_team_columns sc_item_columns trx_addons_columns_wrap columns_padding_bottom\"><div class=\"trx_addons_column-1_2\"><div class=\"sc_team_item\">\n\t<div class=\"post_featured with_thumb hover_dots sc_team_item_thumb\"><img loading=\"lazy\" decoding=\"async\" width=\"405\" height=\"513\" src=\"https:\/\/kuroneko.lat\/wp-content\/uploads\/2016\/11\/team1-405x513.jpg\" class=\"attachment-samurai_school-thumb-team size-samurai_school-thumb-team wp-post-image\" alt=\"Aaron Green\" srcset=\"https:\/\/kuroneko.lat\/wp-content\/uploads\/2016\/11\/team1-405x513.jpg 405w, https:\/\/kuroneko.lat\/wp-content\/uploads\/2016\/11\/team1-237x300.jpg 237w, https:\/\/kuroneko.lat\/wp-content\/uploads\/2016\/11\/team1-808x1024.jpg 808w, https:\/\/kuroneko.lat\/wp-content\/uploads\/2016\/11\/team1-768x973.jpg 768w, https:\/\/kuroneko.lat\/wp-content\/uploads\/2016\/11\/team1-370x469.jpg 370w, https:\/\/kuroneko.lat\/wp-content\/uploads\/2016\/11\/team1-770x976.jpg 770w, https:\/\/kuroneko.lat\/wp-content\/uploads\/2016\/11\/team1-600x760.jpg 600w, https:\/\/kuroneko.lat\/wp-content\/uploads\/2016\/11\/team1.jpg 1000w\" sizes=\"auto, (max-width: 405px) 100vw, 405px\" \/><div class=\"mask\"><\/div><a href=\"https:\/\/kuroneko.lat\/index.php\/team\/aaron-green\/\" aria-hidden=\"true\" class=\"icons\"><span><\/span><span><\/span><span><\/span><\/a><\/div>\t<div class=\"sc_team_item_info\">\n\t\t<div class=\"sc_team_item_header\">\n\t\t\t<h4 class=\"sc_team_item_title\"><a href=\"https:\/\/kuroneko.lat\/index.php\/team\/aaron-green\/\">Aaron Green<\/a><\/h4>\n\t\t\t<div class=\"sc_team_item_subtitle\">Coach, Founder<\/div>\n\t\t<\/div>\n\t\t<div class=\"sc_team_item_content\"><p>Karate can be practiced as an art, self defense or as a combat sport. Traditional karate places emphasis on self-development.<\/p>\n<\/div>\n\t\t<div class=\"sc_team_item_socials\"><span class=\"social_item\"><a href=\"https:\/\/twitter.com\/ThemesAxiom\" target=\"_blank\" class=\"social_icons social_x\"><span class=\"trx_addons_icon-x\"><\/span><\/a><\/span><span class=\"social_item\"><a href=\"https:\/\/www.facebook.com\/AxiomThemes-505060569826537\/\" target=\"_blank\" class=\"social_icons social_facebook\"><span class=\"trx_addons_icon-facebook\"><\/span><\/a><\/span><\/div>\t\t<div class=\"sc_team_item_button\"><a href=\"https:\/\/kuroneko.lat\/index.php\/team\/aaron-green\/\" class=\"sc_button sc_button_simple\">Learn more<\/a><\/div>\n\t<\/div>\n<\/div>\n<\/div><div class=\"trx_addons_column-1_2\"><div class=\"sc_team_item\">\n\t<div class=\"post_featured with_thumb hover_dots sc_team_item_thumb\"><img loading=\"lazy\" decoding=\"async\" width=\"405\" height=\"513\" src=\"https:\/\/kuroneko.lat\/wp-content\/uploads\/2016\/11\/team2-405x513.jpg\" class=\"attachment-samurai_school-thumb-team size-samurai_school-thumb-team wp-post-image\" alt=\"Rebecca Pierce\" srcset=\"https:\/\/kuroneko.lat\/wp-content\/uploads\/2016\/11\/team2-405x513.jpg 405w, https:\/\/kuroneko.lat\/wp-content\/uploads\/2016\/11\/team2-237x300.jpg 237w, https:\/\/kuroneko.lat\/wp-content\/uploads\/2016\/11\/team2-808x1024.jpg 808w, https:\/\/kuroneko.lat\/wp-content\/uploads\/2016\/11\/team2-768x973.jpg 768w, https:\/\/kuroneko.lat\/wp-content\/uploads\/2016\/11\/team2-370x469.jpg 370w, https:\/\/kuroneko.lat\/wp-content\/uploads\/2016\/11\/team2-770x976.jpg 770w, https:\/\/kuroneko.lat\/wp-content\/uploads\/2016\/11\/team2-600x760.jpg 600w, https:\/\/kuroneko.lat\/wp-content\/uploads\/2016\/11\/team2.jpg 1000w\" sizes=\"auto, (max-width: 405px) 100vw, 405px\" \/><div class=\"mask\"><\/div><a href=\"https:\/\/kuroneko.lat\/index.php\/team\/rebecca-pierce\/\" aria-hidden=\"true\" class=\"icons\"><span><\/span><span><\/span><span><\/span><\/a><\/div>\t<div class=\"sc_team_item_info\">\n\t\t<div class=\"sc_team_item_header\">\n\t\t\t<h4 class=\"sc_team_item_title\"><a href=\"https:\/\/kuroneko.lat\/index.php\/team\/rebecca-pierce\/\">Rebecca Pierce<\/a><\/h4>\n\t\t\t<div class=\"sc_team_item_subtitle\">Coach, Founder<\/div>\n\t\t<\/div>\n\t\t<div class=\"sc_team_item_content\"><p>Karate can be practiced as an art, self defense or as a combat sport. Traditional karate places emphasis on self-development.<\/p>\n<\/div>\n\t\t<div class=\"sc_team_item_socials\"><span class=\"social_item\"><a href=\"https:\/\/twitter.com\/ThemesAxiom\" target=\"_blank\" class=\"social_icons social_x\"><span class=\"trx_addons_icon-x\"><\/span><\/a><\/span><span class=\"social_item\"><a href=\"https:\/\/www.facebook.com\/AxiomThemes-505060569826537\/\" target=\"_blank\" class=\"social_icons social_facebook\"><span class=\"trx_addons_icon-facebook\"><\/span><\/a><\/span><\/div>\t\t<div class=\"sc_team_item_button\"><a href=\"https:\/\/kuroneko.lat\/index.php\/team\/rebecca-pierce\/\" class=\"sc_button sc_button_simple\">Learn more<\/a><\/div>\n\t<\/div>\n<\/div>\n<\/div><\/div><div class=\"sc_item_button sc_item_button_default sc_team_button sc_align_center sc_button_wrap\"><a href=\"\/about-style-2\/\"\n\t id=\"sc_button_1940080211\" \n\tclass=\"sc_button sc_button_default sc_button_size_normal sc_button_icon_left\"\n\t\t><span class=\"sc_button_text\"><span class=\"sc_button_title\">View More<\/span><\/span><!-- \/.sc_button_text --><\/a><!-- \/.sc_button --><\/div><!-- \/.sc_item_button sc_item_button_default sc_team_button sc_align_center --><\/div><!-- \/.sc_team -->[\/vc_column][\/vc_row]<\/p>\n<\/div>","protected":false},"excerpt":{"rendered":"<p>[vc_row css=&#8221;.vc_custom_1479126491885{padding-bottom: 4.8em !important;}&#8221;][vc_column][\/vc_column][\/vc_row][vc_row full_width=&#8221;stretch_row&#8221; scheme=&#8221;dark&#8221; css=&#8221;.vc_custom_1479120681586{padding-top: 6.3em !important;padding-bottom: 6.5em !important;background-image: url(https:\/\/kuroneko.lat\/wp-content\/uploads\/2016\/11\/testimonials_bg-1.jpg?id=500) !important;background-position: center !important;background-repeat: no-repeat !important;background-size: cover !important;}&#8221;][vc_column][vc_column_text css=&#8221;.vc_custom_1479118714421{margin-bottom: 3.6em !important;}&#8221;] People About Us [\/vc_column_text][\/vc_column][\/vc_row][vc_row css=&#8221;.vc_custom_1479126766829{padding-top: 7.15em !important;}&#8221;][vc_column][\/vc_column][\/vc_row]<\/p>\n","protected":false},"author":1,"featured_media":0,"parent":0,"menu_order":0,"comment_status":"closed","ping_status":"closed","template":"","meta":{"footnotes":""},"class_list":["post-278","page","type-page","status-publish","hentry"],"_links":{"self":[{"href":"https:\/\/kuroneko.lat\/index.php\/wp-json\/wp\/v2\/pages\/278","targetHints":{"allow":["GET"]}}],"collection":[{"href":"https:\/\/kuroneko.lat\/index.php\/wp-json\/wp\/v2\/pages"}],"about":[{"href":"https:\/\/kuroneko.lat\/index.php\/wp-json\/wp\/v2\/types\/page"}],"author":[{"embeddable":true,"href":"https:\/\/kuroneko.lat\/index.php\/wp-json\/wp\/v2\/users\/1"}],"replies":[{"embeddable":true,"href":"https:\/\/kuroneko.lat\/index.php\/wp-json\/wp\/v2\/comments?post=278"}],"version-history":[{"count":0,"href":"https:\/\/kuroneko.lat\/index.php\/wp-json\/wp\/v2\/pages\/278\/revisions"}],"wp:attachment":[{"href":"https:\/\/kuroneko.lat\/index.php\/wp-json\/wp\/v2\/media?parent=278"}],"curies":[{"name":"wp","href":"https:\/\/api.w.org\/{rel}","templated":true}]}}